{"id":381,"date":"2021-08-23T02:10:02","date_gmt":"2021-08-23T02:10:02","guid":{"rendered":"https:\/\/equipparts.shop\/about\/"},"modified":"2026-02-21T23:01:59","modified_gmt":"2026-02-21T23:01:59","slug":"about","status":"publish","type":"page","link":"https:\/\/induhyd.com\/?page_id=381","title":{"rendered":"About"},"content":{"rendered":"\t\t<div data-elementor-type=\"wp-page\" data-elementor-id=\"381\" class=\"elementor elementor-381\">\n\t\t\t\t<div class=\"elementor-element elementor-element-6b2a15a e-flex e-con-boxed e-con e-parent\" data-id=\"6b2a15a\" data-element_type=\"container\" data-e-type=\"container\" data-settings=\"{&quot;background_background&quot;:&quot;classic&quot;}\">\n\t\t\t\t\t<div class=\"e-con-inner\">\n\t\t<div class=\"elementor-element elementor-element-2252565 e-con-full e-flex e-con e-child\" data-id=\"2252565\" data-element_type=\"container\" data-e-type=\"container\">\n\t\t\t\t<div class=\"elementor-element elementor-element-80cb359 elementor-widget elementor-widget-image\" data-id=\"80cb359\" data-element_type=\"widget\" data-e-type=\"widget\" data-widget_type=\"image.default\">\n\t\t\t\t<div class=\"elementor-widget-container\">\n\t\t\t\t\t\t\t\t\t\t\t\t\t\t\t<img fetchpriority=\"high\" decoding=\"async\" width=\"1280\" height=\"854\" src=\"https:\/\/induhyd.com\/wp-content\/uploads\/2024\/05\/machine-mill-industry-2881186.jpg\" class=\"attachment-full size-full wp-image-26377\" alt=\"Machine Mill Industry 2881186\" srcset=\"https:\/\/induhyd.com\/wp-content\/uploads\/2024\/05\/machine-mill-industry-2881186.jpg 1280w, https:\/\/induhyd.com\/wp-content\/uploads\/2024\/05\/machine-mill-industry-2881186-600x400.jpg 600w, https:\/\/induhyd.com\/wp-content\/uploads\/2024\/05\/machine-mill-industry-2881186-300x200.jpg 300w, https:\/\/induhyd.com\/wp-content\/uploads\/2024\/05\/machine-mill-industry-2881186-1024x683.jpg 1024w, https:\/\/induhyd.com\/wp-content\/uploads\/2024\/05\/machine-mill-industry-2881186-768x512.jpg 768w\" sizes=\"(max-width: 1280px) 100vw, 1280px\" title=\"About\">\t\t\t\t\t\t\t\t\t\t\t\t\t\t\t<\/div>\n\t\t\t\t<\/div>\n\t\t\t\t<\/div>\n\t\t<div class=\"elementor-element elementor-element-327bd52 e-con-full e-flex e-con e-child\" data-id=\"327bd52\" data-element_type=\"container\" data-e-type=\"container\">\n\t\t\t\t<div class=\"elementor-element elementor-element-738e4f8 elementor-widget elementor-widget-heading\" data-id=\"738e4f8\" data-element_type=\"widget\" data-e-type=\"widget\" data-widget_type=\"heading.default\">\n\t\t\t\t<div class=\"elementor-widget-container\">\n\t\t\t\t\t<h4 class=\"elementor-heading-title elementor-size-default\">Sobre SPR INDUSTRY<\/h4>\t\t\t\t<\/div>\n\t\t\t\t<\/div>\n\t\t\t\t<div class=\"elementor-element elementor-element-f3071e3 elementor-widget elementor-widget-text-editor\" data-id=\"f3071e3\" data-element_type=\"widget\" data-e-type=\"widget\" data-widget_type=\"text-editor.default\">\n\t\t\t\t<div class=\"elementor-widget-container\">\n\t\t\t\t\t\t\t\t\t<p>Somos Proveedores Industriales de repuestos y servicios para Maquinaria en sectores como: Miner\u00eda, Construcci\u00f3n, Energ\u00eda, Industrial y de Transporte. de las cuales atendemos satisfactoriamente a importantes empresas que conf\u00edan en nosotros.<br \/>Contamos con personal experimentado y especializado para cada \u00e1rea y sector con capacidad de trabajar en sus propias instalaciones y sus horarios dispuestos de ser necesario.<\/p>\t\t\t\t\t\t\t\t<\/div>\n\t\t\t\t<\/div>\n\t\t\t\t<div class=\"elementor-element elementor-element-3ec3d9b elementor-widget elementor-widget-button\" data-id=\"3ec3d9b\" data-element_type=\"widget\" data-e-type=\"widget\" data-widget_type=\"button.default\">\n\t\t\t\t<div class=\"elementor-widget-container\">\n\t\t\t\t\t\t\t\t\t<div class=\"elementor-button-wrapper\">\n\t\t\t\t\t<a class=\"elementor-button elementor-button-link elementor-size-sm\" href=\"https:\/\/sprindustry.com\/wordpress\/contact\/\">\n\t\t\t\t\t\t<span class=\"elementor-button-content-wrapper\">\n\t\t\t\t\t\t\t\t\t<span class=\"elementor-button-text\">Solicita una cotizaci\u00f3n<\/span>\n\t\t\t\t\t<\/span>\n\t\t\t\t\t<\/a>\n\t\t\t\t<\/div>\n\t\t\t\t\t\t\t\t<\/div>\n\t\t\t\t<\/div>\n\t\t\t\t<\/div>\n\t\t\t\t\t<\/div>\n\t\t\t\t<\/div>\n\t\t<div class=\"elementor-element elementor-element-a2c0928 e-flex e-con-boxed e-con e-parent\" data-id=\"a2c0928\" data-element_type=\"container\" data-e-type=\"container\" data-settings=\"{&quot;background_background&quot;:&quot;classic&quot;}\">\n\t\t\t\t\t<div class=\"e-con-inner\">\n\t\t<div class=\"elementor-element elementor-element-6f9c032 e-con-full e-flex e-con e-child\" data-id=\"6f9c032\" data-element_type=\"container\" data-e-type=\"container\">\n\t\t<div class=\"elementor-element elementor-element-1a53c5a e-flex e-con-boxed e-con e-child\" data-id=\"1a53c5a\" data-element_type=\"container\" data-e-type=\"container\">\n\t\t\t\t\t<div class=\"e-con-inner\">\n\t\t<div class=\"elementor-element elementor-element-9f653ec e-con-full e-flex e-con e-child\" data-id=\"9f653ec\" data-element_type=\"container\" data-e-type=\"container\">\n\t\t\t\t<div class=\"elementor-element elementor-element-c9b4506 elementor-widget elementor-widget-heading\" data-id=\"c9b4506\" data-element_type=\"widget\" data-e-type=\"widget\" data-widget_type=\"heading.default\">\n\t\t\t\t<div class=\"elementor-widget-container\">\n\t\t\t\t\t<h6 class=\"elementor-heading-title elementor-size-default\">Nuestra historia<\/h6>\t\t\t\t<\/div>\n\t\t\t\t<\/div>\n\t\t\t\t<div class=\"elementor-element elementor-element-09d0e61 elementor-widget elementor-widget-text-editor\" data-id=\"09d0e61\" data-element_type=\"widget\" data-e-type=\"widget\" data-widget_type=\"text-editor.default\">\n\t\t\t\t<div class=\"elementor-widget-container\">\n\t\t\t\t\t\t\t\t\t<p>Constituidos desde el a\u00f1o 2011, como proveedores de piezas de repuesto y reparaciones para la industria en general, especializados en Sistemas Hidr\u00e1ulicos y Mec\u00e1nicos para Gr\u00faas, Montacargas, Maquinaria de construcci\u00f3n e Industrial. Nuestra experiencia adquirida nos permitio ampliar nuestras lineas de repuesto a nuestra cartera tales como: Retenes y sellos de Obturaci\u00f3n axial y radial, rodamientos, rotulas, mangueras, tuber\u00edas, conexiones hidr\u00e1ulicas y consumibles diversos. As\u00ed tambi\u00e9n, el ofrecimiento de servicios de reparaci\u00f3n y mantenimiento de maquinaria pesada e industrial.<\/p>\t\t\t\t\t\t\t\t<\/div>\n\t\t\t\t<\/div>\n\t\t\t\t<\/div>\n\t\t\t\t\t<\/div>\n\t\t\t\t<\/div>\n\t\t\t\t<\/div>\n\t\t\t\t\t<\/div>\n\t\t\t\t<\/div>\n\t\t<div class=\"elementor-element elementor-element-bd00da5 e-flex e-con-boxed e-con e-parent\" data-id=\"bd00da5\" data-element_type=\"container\" data-e-type=\"container\" data-settings=\"{&quot;background_background&quot;:&quot;classic&quot;}\">\n\t\t\t\t\t<div class=\"e-con-inner\">\n\t\t<div class=\"elementor-element elementor-element-a8b64ce e-con-full e-flex e-con e-child\" data-id=\"a8b64ce\" data-element_type=\"container\" data-e-type=\"container\">\n\t\t<div class=\"elementor-element elementor-element-ca6ab1b e-flex e-con-boxed e-con e-child\" data-id=\"ca6ab1b\" data-element_type=\"container\" data-e-type=\"container\">\n\t\t\t\t\t<div class=\"e-con-inner\">\n\t\t<div class=\"elementor-element elementor-element-d87b217 e-con-full e-flex e-con e-child\" data-id=\"d87b217\" data-element_type=\"container\" data-e-type=\"container\">\n\t\t\t\t<\/div>\n\t\t<div class=\"elementor-element elementor-element-164effe e-con-full e-flex e-con e-child\" data-id=\"164effe\" data-element_type=\"container\" data-e-type=\"container\">\n\t\t\t\t<div class=\"elementor-element elementor-element-3834c05 elementor-widget elementor-widget-heading\" data-id=\"3834c05\" data-element_type=\"widget\" data-e-type=\"widget\" data-widget_type=\"heading.default\">\n\t\t\t\t<div class=\"elementor-widget-container\">\n\t\t\t\t\t<h6 class=\"elementor-heading-title elementor-size-default\">nuestros servicios<\/h6>\t\t\t\t<\/div>\n\t\t\t\t<\/div>\n\t\t\t\t<div class=\"elementor-element elementor-element-524ad6d elementor-widget elementor-widget-text-editor\" data-id=\"524ad6d\" data-element_type=\"widget\" data-e-type=\"widget\" data-widget_type=\"text-editor.default\">\n\t\t\t\t<div class=\"elementor-widget-container\">\n\t\t\t\t\t\t\t\t\t<p>Ofrecemos las siguientes lineas de repuestos: Componentes hidr\u00e1ulicos, sellos hidr\u00e1ulicos y neum\u00e1ticos, sellos radiales de aceite, mangueras y conectores, partes de motor, rodamientos, r\u00f3tulas y consumibles diversos; para maquinarias tales como: Perforadoras, montacargas, gr\u00faas, cargadores, excavadoras, prensas, inyectoras, extrusoras, dobladoras y otras m\u00e1s.<br \/>As\u00ed mismo, brindamos servicios de reparaci\u00f3n y mantenimiento para Sistemas Hidr\u00e1ulicos y neum\u00e1ticos, Transmisiones Mec\u00e1nicas y Autom\u00e1ticas, Motores Diesel y Sistemas El\u00e9ctricos.<\/p>\t\t\t\t\t\t\t\t<\/div>\n\t\t\t\t<\/div>\n\t\t\t\t<\/div>\n\t\t\t\t\t<\/div>\n\t\t\t\t<\/div>\n\t\t<div class=\"elementor-element elementor-element-9ce999c e-flex e-con-boxed e-con e-child\" data-id=\"9ce999c\" data-element_type=\"container\" data-e-type=\"container\">\n\t\t\t\t\t<div class=\"e-con-inner\">\n\t\t\t\t\t<\/div>\n\t\t\t\t<\/div>\n\t\t\t\t<\/div>\n\t\t\t\t\t<\/div>\n\t\t\t\t<\/div>\n\t\t<div class=\"elementor-element elementor-element-99ceac2 e-flex e-con-boxed e-con e-parent\" data-id=\"99ceac2\" data-element_type=\"container\" data-e-type=\"container\" data-settings=\"{&quot;background_background&quot;:&quot;classic&quot;}\">\n\t\t\t\t\t<div class=\"e-con-inner\">\n\t\t<div class=\"elementor-element elementor-element-6252b70 e-con-full e-flex e-con e-child\" data-id=\"6252b70\" data-element_type=\"container\" data-e-type=\"container\">\n\t\t\t\t<\/div>\n\t\t\t\t\t<\/div>\n\t\t\t\t<\/div>\n\t\t\t\t<\/div>\n\t\t","protected":false},"excerpt":{"rendered":"<p>Sobre SPR INDUSTRY Somos Proveedores Industriales de repuestos y servicios para Maquinaria en sectores como: Miner\u00eda, Construcci\u00f3n, Energ\u00eda, Industrial y de Transporte. de las cuales atendemos satisfactoriamente a importantes empresas que conf\u00edan en nosotros.Contamos con personal experimentado y especializado para cada \u00e1rea y sector con capacidad de trabajar en sus propias instalaciones y sus horarios [&hellip;]<\/p>\n","protected":false},"author":1,"featured_media":0,"parent":0,"menu_order":0,"comment_status":"closed","ping_status":"closed","template":"","meta":{"_uag_custom_page_level_css":"","site-sidebar-layout":"no-sidebar","site-content-layout":"page-builder","ast-site-content-layout":"","site-content-style":"default","site-sidebar-style":"default","ast-global-header-display":"","ast-banner-title-visibility":"","ast-main-header-display":"","ast-hfb-above-header-display":"","ast-hfb-below-header-display":"","ast-hfb-mobile-header-display":"","site-post-title":"disabled","ast-breadcrumbs-content":"disabled","ast-featured-img":"disabled","footer-sml-layout":"","theme-transparent-header-meta":"enabled","adv-header-id-meta":"","stick-header-meta":"","header-above-stick-meta":"","header-main-stick-meta":"","header-below-stick-meta":"","astra-migrate-meta-layouts":"default","ast-page-background-enabled":"default","ast-page-background-meta":{"desktop":{"background-color":"var(--ast-global-color-4)","background-image":"","background-repeat":"repeat","background-position":"center center","background-size":"auto","background-attachment":"scroll","background-type":"","background-media":"","overlay-type":"","overlay-color":"","overlay-gradient":""},"tablet":{"background-color":"","background-image":"","background-repeat":"repeat","background-position":"center center","background-size":"auto","background-attachment":"scroll","background-type":"","background-media":"","overlay-type":"","overlay-color":"","overlay-gradient":""},"mobile":{"background-color":"","background-image":"","background-repeat":"repeat","background-position":"center center","background-size":"auto","background-attachment":"scroll","background-type":"","background-media":"","overlay-type":"","overlay-color":"","overlay-gradient":""}},"ast-content-background-meta":{"desktop":{"background-color":"var(--ast-global-color-5)","background-image":"","background-repeat":"repeat","background-position":"center center","background-size":"auto","background-attachment":"scroll","background-type":"","background-media":"","overlay-type":"","overlay-color":"","overlay-gradient":""},"tablet":{"background-color":"var(--ast-global-color-5)","background-image":"","background-repeat":"repeat","background-position":"center center","background-size":"auto","background-attachment":"scroll","background-type":"","background-media":"","overlay-type":"","overlay-color":"","overlay-gradient":""},"mobile":{"background-color":"var(--ast-global-color-5)","background-image":"","background-repeat":"repeat","background-position":"center center","background-size":"auto","background-attachment":"scroll","background-type":"","background-media":"","overlay-type":"","overlay-color":"","overlay-gradient":""}},"footnotes":""},"class_list":["post-381","page","type-page","status-publish","hentry"],"_hostinger_reach_plugin_has_subscription_block":false,"_hostinger_reach_plugin_is_elementor":false,"uagb_featured_image_src":{"full":false,"thumbnail":false,"medium":false,"medium_large":false,"large":false,"1536x1536":false,"2048x2048":false,"woocommerce_thumbnail":false,"woocommerce_single":false,"woocommerce_gallery_thumbnail":false},"uagb_author_info":{"display_name":"danilo.uc","author_link":"https:\/\/induhyd.com\/?author=1"},"uagb_comment_info":0,"uagb_excerpt":"Sobre SPR INDUSTRY Somos Proveedores Industriales de repuestos y servicios para Maquinaria en sectores como: Miner\u00eda, Construcci\u00f3n, Energ\u00eda, Industrial y de Transporte. de las cuales atendemos satisfactoriamente a importantes empresas que conf\u00edan en nosotros.Contamos con personal experimentado y especializado para cada \u00e1rea y sector con capacidad de trabajar en sus propias instalaciones y sus horarios&hellip;","_links":{"self":[{"href":"https:\/\/induhyd.com\/index.php?rest_route=\/wp\/v2\/pages\/381","targetHints":{"allow":["GET"]}}],"collection":[{"href":"https:\/\/induhyd.com\/index.php?rest_route=\/wp\/v2\/pages"}],"about":[{"href":"https:\/\/induhyd.com\/index.php?rest_route=\/wp\/v2\/types\/page"}],"author":[{"embeddable":true,"href":"https:\/\/induhyd.com\/index.php?rest_route=\/wp\/v2\/users\/1"}],"replies":[{"embeddable":true,"href":"https:\/\/induhyd.com\/index.php?rest_route=%2Fwp%2Fv2%2Fcomments&post=381"}],"version-history":[{"count":1,"href":"https:\/\/induhyd.com\/index.php?rest_route=\/wp\/v2\/pages\/381\/revisions"}],"predecessor-version":[{"id":26621,"href":"https:\/\/induhyd.com\/index.php?rest_route=\/wp\/v2\/pages\/381\/revisions\/26621"}],"wp:attachment":[{"href":"https:\/\/induhyd.com\/index.php?rest_route=%2Fwp%2Fv2%2Fmedia&parent=381"}],"curies":[{"name":"wp","href":"https:\/\/api.w.org\/{rel}","templated":true}]}}