{"id":1113,"date":"2026-02-21T23:01:47","date_gmt":"2026-02-21T23:01:47","guid":{"rendered":"https:\/\/induhyd.com\/home\/"},"modified":"2026-04-05T17:20:34","modified_gmt":"2026-04-05T17:20:34","slug":"inicio","status":"publish","type":"page","link":"https:\/\/induhyd.com\/","title":{"rendered":"Inicio"},"content":{"rendered":"\t\t<div data-elementor-type=\"wp-page\" data-elementor-id=\"1113\" class=\"elementor elementor-1113\">\n\t\t\t\t<div class=\"elementor-element elementor-element-ffe3ac6 e-con-full e-flex e-con e-parent\" data-id=\"ffe3ac6\" data-element_type=\"container\" data-e-type=\"container\" data-settings=\"{&quot;background_background&quot;:&quot;classic&quot;}\">\n\t\t\t\t<div class=\"elementor-element elementor-element-628b7bc elementor-widget elementor-widget-spacer\" data-id=\"628b7bc\" data-element_type=\"widget\" data-e-type=\"widget\" data-widget_type=\"spacer.default\">\n\t\t\t\t<div class=\"elementor-widget-container\">\n\t\t\t\t\t\t\t<div class=\"elementor-spacer\">\n\t\t\t<div class=\"elementor-spacer-inner\"><\/div>\n\t\t<\/div>\n\t\t\t\t\t\t<\/div>\n\t\t\t\t<\/div>\n\t\t\t\t<div class=\"elementor-element elementor-element-3956f95 elementor-widget elementor-widget-heading\" data-id=\"3956f95\" data-element_type=\"widget\" data-e-type=\"widget\" data-widget_type=\"heading.default\">\n\t\t\t\t<div class=\"elementor-widget-container\">\n\t\t\t\t\t<h1 class=\"elementor-heading-title elementor-size-default\">Fabricaci\u00f3n de sellos hidr\u00e1ulicos\u200b<\/h1>\t\t\t\t<\/div>\n\t\t\t\t<\/div>\n\t\t\t\t<div class=\"elementor-element elementor-element-5138d19 elementor-widget elementor-widget-heading\" data-id=\"5138d19\" data-element_type=\"widget\" data-e-type=\"widget\" data-widget_type=\"heading.default\">\n\t\t\t\t<div class=\"elementor-widget-container\">\n\t\t\t\t\t<h2 class=\"elementor-heading-title elementor-size-default\">Creative Technical\nSolutions Of\nExcellent Quality<\/h2>\t\t\t\t<\/div>\n\t\t\t\t<\/div>\n\t\t\t\t<\/div>\n\t\t<div class=\"elementor-element elementor-element-fce0fc0 e-flex e-con-boxed e-con e-parent\" data-id=\"fce0fc0\" data-element_type=\"container\" data-e-type=\"container\">\n\t\t\t\t\t<div class=\"e-con-inner\">\n\t\t\t\t\t<\/div>\n\t\t\t\t<\/div>\n\t\t<div class=\"elementor-element elementor-element-8d0ec65 e-grid e-con-boxed e-con e-parent\" data-id=\"8d0ec65\" data-element_type=\"container\" data-e-type=\"container\">\n\t\t\t\t\t<div class=\"e-con-inner\">\n\t\t<div class=\"elementor-element elementor-element-3b0999e e-con-full e-flex e-con e-child\" data-id=\"3b0999e\" data-element_type=\"container\" data-e-type=\"container\">\n\t\t\t\t<div class=\"elementor-element elementor-element-95b4f95 elementor-widget elementor-widget-heading\" data-id=\"95b4f95\" data-element_type=\"widget\" data-e-type=\"widget\" data-widget_type=\"heading.default\">\n\t\t\t\t<div class=\"elementor-widget-container\">\n\t\t\t\t\t<h2 class=\"elementor-heading-title elementor-size-default\">Nuestras categor\u00edas<\/h2>\t\t\t\t<\/div>\n\t\t\t\t<\/div>\n\t\t\t\t<div class=\"elementor-element elementor-element-d79ff70 elementor-widget elementor-widget-heading\" data-id=\"d79ff70\" data-element_type=\"widget\" data-e-type=\"widget\" data-widget_type=\"heading.default\">\n\t\t\t\t<div class=\"elementor-widget-container\">\n\t\t\t\t\t<p class=\"elementor-heading-title elementor-size-default\">Unimax offers a wide range of products to meet different demands from customers\u200b<\/p>\t\t\t\t<\/div>\n\t\t\t\t<\/div>\n\t\t<div class=\"elementor-element elementor-element-79ed5b9 e-grid e-con-full e-con e-child\" data-id=\"79ed5b9\" data-element_type=\"container\" data-e-type=\"container\">\n\t\t<div class=\"elementor-element elementor-element-15bfb55 e-con-full e-flex e-con e-child\" data-id=\"15bfb55\" data-element_type=\"container\" data-e-type=\"container\">\n\t\t\t\t<div class=\"elementor-element elementor-element-f710054 elementor-widget elementor-widget-image\" data-id=\"f710054\" data-element_type=\"widget\" data-e-type=\"widget\" data-widget_type=\"image.default\">\n\t\t\t\t<div class=\"elementor-widget-container\">\n\t\t\t\t\t\t\t\t\t\t\t\t\t\t\t<img fetchpriority=\"high\" decoding=\"async\" width=\"1024\" height=\"681\" src=\"https:\/\/induhyd.com\/wp-content\/uploads\/2024\/05\/pexels-photo-16679590-scaled-1-1024x681.jpeg\" class=\"attachment-large size-large wp-image-26380\" alt=\"Pexels Photo 16679590 Scaled 1 1024x681\" srcset=\"https:\/\/induhyd.com\/wp-content\/uploads\/2024\/05\/pexels-photo-16679590-scaled-1-1024x681.jpeg 1024w, https:\/\/induhyd.com\/wp-content\/uploads\/2024\/05\/pexels-photo-16679590-scaled-1-600x399.jpeg 600w, https:\/\/induhyd.com\/wp-content\/uploads\/2024\/05\/pexels-photo-16679590-scaled-1-300x200.jpeg 300w, https:\/\/induhyd.com\/wp-content\/uploads\/2024\/05\/pexels-photo-16679590-scaled-1-768x511.jpeg 768w, https:\/\/induhyd.com\/wp-content\/uploads\/2024\/05\/pexels-photo-16679590-scaled-1-1536x1021.jpeg 1536w, https:\/\/induhyd.com\/wp-content\/uploads\/2024\/05\/pexels-photo-16679590-scaled-1.jpeg 1600w\" sizes=\"(max-width: 1024px) 100vw, 1024px\" title=\"Inicio\">\t\t\t\t\t\t\t\t\t\t\t\t\t\t\t<\/div>\n\t\t\t\t<\/div>\n\t\t\t\t<div class=\"elementor-element elementor-element-a855398 elementor-widget elementor-widget-heading\" data-id=\"a855398\" data-element_type=\"widget\" data-e-type=\"widget\" data-widget_type=\"heading.default\">\n\t\t\t\t<div class=\"elementor-widget-container\">\n\t\t\t\t\t<h4 class=\"elementor-heading-title elementor-size-default\">SEALING SOLUTIONS<\/h4>\t\t\t\t<\/div>\n\t\t\t\t<\/div>\n\t\t\t\t<div class=\"elementor-element elementor-element-dee432f elementor-widget elementor-widget-heading\" data-id=\"dee432f\" data-element_type=\"widget\" data-e-type=\"widget\" data-widget_type=\"heading.default\">\n\t\t\t\t<div class=\"elementor-widget-container\">\n\t\t\t\t\t<p class=\"elementor-heading-title elementor-size-default\">Lorem fistrum por la gloria de mi madre esse jarl aliqua llevame al sircoo.<\/p>\t\t\t\t<\/div>\n\t\t\t\t<\/div>\n\t\t\t\t<div class=\"elementor-element elementor-element-9f2c1bf elementor-widget elementor-widget-button\" data-id=\"9f2c1bf\" data-element_type=\"widget\" data-e-type=\"widget\" data-widget_type=\"button.default\">\n\t\t\t\t<div class=\"elementor-widget-container\">\n\t\t\t\t\t\t\t\t\t<div class=\"elementor-button-wrapper\">\n\t\t\t\t\t<a class=\"elementor-button elementor-button-link elementor-size-sm\" href=\"https:\/\/induhyd.com\/?page_id=26433\">\n\t\t\t\t\t\t<span class=\"elementor-button-content-wrapper\">\n\t\t\t\t\t\t\t\t\t<span class=\"elementor-button-text\">PRODUCTOS<\/span>\n\t\t\t\t\t<\/span>\n\t\t\t\t\t<\/a>\n\t\t\t\t<\/div>\n\t\t\t\t\t\t\t\t<\/div>\n\t\t\t\t<\/div>\n\t\t\t\t<\/div>\n\t\t<div class=\"elementor-element elementor-element-4fa0d96 e-con-full e-flex e-con e-child\" data-id=\"4fa0d96\" data-element_type=\"container\" data-e-type=\"container\">\n\t\t\t\t<div class=\"elementor-element elementor-element-892739f elementor-widget elementor-widget-image\" data-id=\"892739f\" data-element_type=\"widget\" data-e-type=\"widget\" data-widget_type=\"image.default\">\n\t\t\t\t<div class=\"elementor-widget-container\">\n\t\t\t\t\t\t\t\t\t\t\t\t\t\t\t<img decoding=\"async\" width=\"1024\" height=\"681\" src=\"https:\/\/induhyd.com\/wp-content\/uploads\/2024\/05\/pexels-photo-16679591-scaled-1-1024x681.jpeg\" class=\"attachment-large size-large wp-image-26381\" alt=\"Pexels Photo 16679591 Scaled 1 1024x681\" srcset=\"https:\/\/induhyd.com\/wp-content\/uploads\/2024\/05\/pexels-photo-16679591-scaled-1-1024x681.jpeg 1024w, https:\/\/induhyd.com\/wp-content\/uploads\/2024\/05\/pexels-photo-16679591-scaled-1-600x399.jpeg 600w, https:\/\/induhyd.com\/wp-content\/uploads\/2024\/05\/pexels-photo-16679591-scaled-1-300x200.jpeg 300w, https:\/\/induhyd.com\/wp-content\/uploads\/2024\/05\/pexels-photo-16679591-scaled-1-768x511.jpeg 768w, https:\/\/induhyd.com\/wp-content\/uploads\/2024\/05\/pexels-photo-16679591-scaled-1-1536x1021.jpeg 1536w, https:\/\/induhyd.com\/wp-content\/uploads\/2024\/05\/pexels-photo-16679591-scaled-1.jpeg 1600w\" sizes=\"(max-width: 1024px) 100vw, 1024px\" title=\"Inicio\">\t\t\t\t\t\t\t\t\t\t\t\t\t\t\t<\/div>\n\t\t\t\t<\/div>\n\t\t\t\t<div class=\"elementor-element elementor-element-952693e elementor-widget elementor-widget-heading\" data-id=\"952693e\" data-element_type=\"widget\" data-e-type=\"widget\" data-widget_type=\"heading.default\">\n\t\t\t\t<div class=\"elementor-widget-container\">\n\t\t\t\t\t<h4 class=\"elementor-heading-title elementor-size-default\">SEALING SOLUTIONS<\/h4>\t\t\t\t<\/div>\n\t\t\t\t<\/div>\n\t\t\t\t<div class=\"elementor-element elementor-element-4463f80 elementor-widget elementor-widget-heading\" data-id=\"4463f80\" data-element_type=\"widget\" data-e-type=\"widget\" data-widget_type=\"heading.default\">\n\t\t\t\t<div class=\"elementor-widget-container\">\n\t\t\t\t\t<p class=\"elementor-heading-title elementor-size-default\">Lorem fistrum por la gloria de mi madre esse jarl aliqua llevame al sircoo.<\/p>\t\t\t\t<\/div>\n\t\t\t\t<\/div>\n\t\t\t\t<div class=\"elementor-element elementor-element-c3ab588 elementor-widget elementor-widget-button\" data-id=\"c3ab588\" data-element_type=\"widget\" data-e-type=\"widget\" data-widget_type=\"button.default\">\n\t\t\t\t<div class=\"elementor-widget-container\">\n\t\t\t\t\t\t\t\t\t<div class=\"elementor-button-wrapper\">\n\t\t\t\t\t<a class=\"elementor-button elementor-button-link elementor-size-sm\" href=\"https:\/\/induhyd.com\/?page_id=26433\">\n\t\t\t\t\t\t<span class=\"elementor-button-content-wrapper\">\n\t\t\t\t\t\t\t\t\t<span class=\"elementor-button-text\">PRODUCTOS<\/span>\n\t\t\t\t\t<\/span>\n\t\t\t\t\t<\/a>\n\t\t\t\t<\/div>\n\t\t\t\t\t\t\t\t<\/div>\n\t\t\t\t<\/div>\n\t\t\t\t<\/div>\n\t\t<div class=\"elementor-element elementor-element-48ec6c6 e-con-full e-flex e-con e-child\" data-id=\"48ec6c6\" data-element_type=\"container\" data-e-type=\"container\">\n\t\t\t\t<div class=\"elementor-element elementor-element-422449c elementor-widget elementor-widget-image\" data-id=\"422449c\" data-element_type=\"widget\" data-e-type=\"widget\" data-widget_type=\"image.default\">\n\t\t\t\t<div class=\"elementor-widget-container\">\n\t\t\t\t\t\t\t\t\t\t\t\t\t\t\t<img decoding=\"async\" width=\"1024\" height=\"681\" src=\"https:\/\/induhyd.com\/wp-content\/uploads\/2024\/05\/pexels-photo-16679581-1-scaled-1-1024x681.jpeg\" class=\"attachment-large size-large wp-image-26382\" alt=\"Pexels Photo 16679581 1 Scaled 1 1024x681\" srcset=\"https:\/\/induhyd.com\/wp-content\/uploads\/2024\/05\/pexels-photo-16679581-1-scaled-1-1024x681.jpeg 1024w, https:\/\/induhyd.com\/wp-content\/uploads\/2024\/05\/pexels-photo-16679581-1-scaled-1-600x399.jpeg 600w, https:\/\/induhyd.com\/wp-content\/uploads\/2024\/05\/pexels-photo-16679581-1-scaled-1-300x200.jpeg 300w, https:\/\/induhyd.com\/wp-content\/uploads\/2024\/05\/pexels-photo-16679581-1-scaled-1-768x511.jpeg 768w, https:\/\/induhyd.com\/wp-content\/uploads\/2024\/05\/pexels-photo-16679581-1-scaled-1-1536x1021.jpeg 1536w, https:\/\/induhyd.com\/wp-content\/uploads\/2024\/05\/pexels-photo-16679581-1-scaled-1.jpeg 1600w\" sizes=\"(max-width: 1024px) 100vw, 1024px\" title=\"Inicio\">\t\t\t\t\t\t\t\t\t\t\t\t\t\t\t<\/div>\n\t\t\t\t<\/div>\n\t\t\t\t<div class=\"elementor-element elementor-element-d2016ec elementor-widget elementor-widget-heading\" data-id=\"d2016ec\" data-element_type=\"widget\" data-e-type=\"widget\" data-widget_type=\"heading.default\">\n\t\t\t\t<div class=\"elementor-widget-container\">\n\t\t\t\t\t<h4 class=\"elementor-heading-title elementor-size-default\">SEALING SOLUTIONS<\/h4>\t\t\t\t<\/div>\n\t\t\t\t<\/div>\n\t\t\t\t<div class=\"elementor-element elementor-element-75e73df elementor-widget elementor-widget-heading\" data-id=\"75e73df\" data-element_type=\"widget\" data-e-type=\"widget\" data-widget_type=\"heading.default\">\n\t\t\t\t<div class=\"elementor-widget-container\">\n\t\t\t\t\t<p class=\"elementor-heading-title elementor-size-default\">Lorem fistrum por la gloria de mi madre esse jarl aliqua llevame al sircoo.<\/p>\t\t\t\t<\/div>\n\t\t\t\t<\/div>\n\t\t\t\t<div class=\"elementor-element elementor-element-2ec3325 elementor-widget elementor-widget-button\" data-id=\"2ec3325\" data-element_type=\"widget\" data-e-type=\"widget\" data-widget_type=\"button.default\">\n\t\t\t\t<div class=\"elementor-widget-container\">\n\t\t\t\t\t\t\t\t\t<div class=\"elementor-button-wrapper\">\n\t\t\t\t\t<a class=\"elementor-button elementor-button-link elementor-size-sm\" href=\"https:\/\/induhyd.com\/?page_id=26433\">\n\t\t\t\t\t\t<span class=\"elementor-button-content-wrapper\">\n\t\t\t\t\t\t\t\t\t<span class=\"elementor-button-text\">PRODUCTOS<\/span>\n\t\t\t\t\t<\/span>\n\t\t\t\t\t<\/a>\n\t\t\t\t<\/div>\n\t\t\t\t\t\t\t\t<\/div>\n\t\t\t\t<\/div>\n\t\t\t\t<\/div>\n\t\t\t\t<\/div>\n\t\t\t\t<\/div>\n\t\t<div class=\"elementor-element elementor-element-babdda3 e-con-full e-flex e-con e-child\" data-id=\"babdda3\" data-element_type=\"container\" data-e-type=\"container\">\n\t\t<div class=\"elementor-element elementor-element-8c2ad66 e-grid e-con-full e-con e-child\" data-id=\"8c2ad66\" data-element_type=\"container\" data-e-type=\"container\">\n\t\t\t\t<div class=\"elementor-element elementor-element-0d03994 elementor-widget elementor-widget-image\" data-id=\"0d03994\" data-element_type=\"widget\" data-e-type=\"widget\" data-widget_type=\"image.default\">\n\t\t\t\t<div class=\"elementor-widget-container\">\n\t\t\t\t\t\t\t\t\t\t\t\t\t\t\t<img loading=\"lazy\" decoding=\"async\" width=\"1024\" height=\"683\" src=\"https:\/\/induhyd.com\/wp-content\/uploads\/2024\/03\/pexels-ana-victoria-valverde-17180807-scaled-1-1024x683.jpg\" class=\"attachment-large size-large wp-image-25731\" alt=\"Pexels Ana Victoria Valverde 17180807 Scaled 1 1024x683\" srcset=\"https:\/\/induhyd.com\/wp-content\/uploads\/2024\/03\/pexels-ana-victoria-valverde-17180807-scaled-1-1024x683.jpg 1024w, https:\/\/induhyd.com\/wp-content\/uploads\/2024\/03\/pexels-ana-victoria-valverde-17180807-scaled-1-600x400.jpg 600w, https:\/\/induhyd.com\/wp-content\/uploads\/2024\/03\/pexels-ana-victoria-valverde-17180807-scaled-1-300x200.jpg 300w, https:\/\/induhyd.com\/wp-content\/uploads\/2024\/03\/pexels-ana-victoria-valverde-17180807-scaled-1-768x512.jpg 768w, https:\/\/induhyd.com\/wp-content\/uploads\/2024\/03\/pexels-ana-victoria-valverde-17180807-scaled-1-1536x1024.jpg 1536w, https:\/\/induhyd.com\/wp-content\/uploads\/2024\/03\/pexels-ana-victoria-valverde-17180807-scaled-1-2048x1366.jpg 2048w\" sizes=\"(max-width: 1024px) 100vw, 1024px\" title=\"Inicio\">\t\t\t\t\t\t\t\t\t\t\t\t\t\t\t<\/div>\n\t\t\t\t<\/div>\n\t\t<div class=\"elementor-element elementor-element-ba2c0cf e-con-full e-flex e-con e-child\" data-id=\"ba2c0cf\" data-element_type=\"container\" data-e-type=\"container\">\n\t\t\t\t<div class=\"elementor-element elementor-element-d6f0ac2 elementor-widget-divider--view-line elementor-widget elementor-widget-divider\" data-id=\"d6f0ac2\" data-element_type=\"widget\" data-e-type=\"widget\" data-widget_type=\"divider.default\">\n\t\t\t\t<div class=\"elementor-widget-container\">\n\t\t\t\t\t\t\t<div class=\"elementor-divider\">\n\t\t\t<span class=\"elementor-divider-separator\">\n\t\t\t\t\t\t<\/span>\n\t\t<\/div>\n\t\t\t\t\t\t<\/div>\n\t\t\t\t<\/div>\n\t\t\t\t<div class=\"elementor-element elementor-element-4c25218 elementor-widget elementor-widget-heading\" data-id=\"4c25218\" data-element_type=\"widget\" data-e-type=\"widget\" data-widget_type=\"heading.default\">\n\t\t\t\t<div class=\"elementor-widget-container\">\n\t\t\t\t\t<h2 class=\"elementor-heading-title elementor-size-default\"><h2 data-elementor-setting-key=\"title\" data-pen-placeholder=\"Type Here...\" style=\"font-size: 2.35294rem;font-style: normal;font-weight: 700;font-family: Rubik, sans-serif\">SPR INDUSTRY<span style=\"font-family: Roboto, sans-serif;font-size: 2.35294rem;font-style: inherit\"><\/span><\/h2><\/h2>\t\t\t\t<\/div>\n\t\t\t\t<\/div>\n\t\t\t\t<div class=\"elementor-element elementor-element-0a074a7 elementor-widget elementor-widget-heading\" data-id=\"0a074a7\" data-element_type=\"widget\" data-e-type=\"widget\" data-widget_type=\"heading.default\">\n\t\t\t\t<div class=\"elementor-widget-container\">\n\t\t\t\t\t<p class=\"elementor-heading-title elementor-size-default\"><span style=\"font-family: Karla, sans-serif;font-size: 17px;font-weight: 400\">Somos Proveedores Industriales de repuestos y servicios para Maquinaria en sectores como: Miner\u00eda, Construcci\u00f3n, Energ\u00eda, Industrial y de Transporte. de las cuales atendemos satisfactoriamente a importantes empresas que conf\u00edan en nosotros.<\/span><\/p>\t\t\t\t<\/div>\n\t\t\t\t<\/div>\n\t\t\t\t<div class=\"elementor-element elementor-element-84dc11e elementor-widget elementor-widget-button\" data-id=\"84dc11e\" data-element_type=\"widget\" data-e-type=\"widget\" data-widget_type=\"button.default\">\n\t\t\t\t<div class=\"elementor-widget-container\">\n\t\t\t\t\t\t\t\t\t<div class=\"elementor-button-wrapper\">\n\t\t\t\t\t<a class=\"elementor-button elementor-button-link elementor-size-sm\" href=\"https:\/\/induhyd.com\/?page_id=381\">\n\t\t\t\t\t\t<span class=\"elementor-button-content-wrapper\">\n\t\t\t\t\t\t\t\t\t<span class=\"elementor-button-text\">LEER M\u00c1S<\/span>\n\t\t\t\t\t<\/span>\n\t\t\t\t\t<\/a>\n\t\t\t\t<\/div>\n\t\t\t\t\t\t\t\t<\/div>\n\t\t\t\t<\/div>\n\t\t\t\t<\/div>\n\t\t\t\t<\/div>\n\t\t\t\t<\/div>\n\t\t\t\t\t<\/div>\n\t\t\t\t<\/div>\n\t\t<div class=\"elementor-element elementor-element-2966844 e-flex e-con-boxed e-con e-parent\" data-id=\"2966844\" data-element_type=\"container\" data-e-type=\"container\">\n\t\t\t\t\t<div class=\"e-con-inner\">\n\t\t<div class=\"elementor-element elementor-element-d9ac1e5 e-con-full e-flex e-con e-child\" data-id=\"d9ac1e5\" data-element_type=\"container\" data-e-type=\"container\">\n\t\t\t\t<div class=\"elementor-element elementor-element-42932b0 elementor-widget elementor-widget-heading\" data-id=\"42932b0\" data-element_type=\"widget\" data-e-type=\"widget\" data-widget_type=\"heading.default\">\n\t\t\t\t<div class=\"elementor-widget-container\">\n\t\t\t\t\t<h2 class=\"elementor-heading-title elementor-size-default\">Nuestros clientes<\/h2>\t\t\t\t<\/div>\n\t\t\t\t<\/div>\n\t\t\t\t<div class=\"elementor-element elementor-element-fd9adbe elementor-widget elementor-widget-heading\" data-id=\"fd9adbe\" data-element_type=\"widget\" data-e-type=\"widget\" data-widget_type=\"heading.default\">\n\t\t\t\t<div class=\"elementor-widget-container\">\n\t\t\t\t\t<p class=\"elementor-heading-title elementor-size-default\">Nos esforzamos por cumplir con nuestros compromisos y expectativas del cliente.<\/p>\t\t\t\t<\/div>\n\t\t\t\t<\/div>\n\t\t\t\t<\/div>\n\t\t<div class=\"elementor-element elementor-element-af20a63 e-grid e-con-full e-con e-child\" data-id=\"af20a63\" data-element_type=\"container\" data-e-type=\"container\">\n\t\t\t\t<div class=\"elementor-element elementor-element-8722aa8 elementor-widget elementor-widget-image\" data-id=\"8722aa8\" data-element_type=\"widget\" data-e-type=\"widget\" data-widget_type=\"image.default\">\n\t\t\t\t<div class=\"elementor-widget-container\">\n\t\t\t\t\t\t\t\t\t\t\t\t\t\t\t<img loading=\"lazy\" decoding=\"async\" width=\"1024\" height=\"287\" src=\"https:\/\/induhyd.com\/wp-content\/uploads\/2024\/05\/2560px-PDV_S.A._logo.svg_-1024x287.png\" class=\"attachment-large size-large wp-image-26384\" alt=\"2560px PDV S.A. Logo.svg 1024x287\" srcset=\"https:\/\/induhyd.com\/wp-content\/uploads\/2024\/05\/2560px-PDV_S.A._logo.svg_-1024x287.png 1024w, https:\/\/induhyd.com\/wp-content\/uploads\/2024\/05\/2560px-PDV_S.A._logo.svg_-600x168.png 600w, https:\/\/induhyd.com\/wp-content\/uploads\/2024\/05\/2560px-PDV_S.A._logo.svg_-300x84.png 300w, https:\/\/induhyd.com\/wp-content\/uploads\/2024\/05\/2560px-PDV_S.A._logo.svg_-768x215.png 768w, https:\/\/induhyd.com\/wp-content\/uploads\/2024\/05\/2560px-PDV_S.A._logo.svg_-1536x430.png 1536w, https:\/\/induhyd.com\/wp-content\/uploads\/2024\/05\/2560px-PDV_S.A._logo.svg_.png 1600w\" sizes=\"(max-width: 1024px) 100vw, 1024px\" title=\"Inicio\">\t\t\t\t\t\t\t\t\t\t\t\t\t\t\t<\/div>\n\t\t\t\t<\/div>\n\t\t\t\t<div class=\"elementor-element elementor-element-52c27fc elementor-widget elementor-widget-image\" data-id=\"52c27fc\" data-element_type=\"widget\" data-e-type=\"widget\" data-widget_type=\"image.default\">\n\t\t\t\t<div class=\"elementor-widget-container\">\n\t\t\t\t\t\t\t\t\t\t\t\t\t\t\t<img loading=\"lazy\" decoding=\"async\" width=\"1024\" height=\"292\" src=\"https:\/\/induhyd.com\/wp-content\/uploads\/2024\/05\/2560px-Alicorp.svg_-1024x292.png\" class=\"attachment-large size-large wp-image-26385\" alt=\"2560px Alicorp.svg 1024x292\" srcset=\"https:\/\/induhyd.com\/wp-content\/uploads\/2024\/05\/2560px-Alicorp.svg_-1024x292.png 1024w, https:\/\/induhyd.com\/wp-content\/uploads\/2024\/05\/2560px-Alicorp.svg_-600x171.png 600w, https:\/\/induhyd.com\/wp-content\/uploads\/2024\/05\/2560px-Alicorp.svg_-300x86.png 300w, https:\/\/induhyd.com\/wp-content\/uploads\/2024\/05\/2560px-Alicorp.svg_-768x219.png 768w, https:\/\/induhyd.com\/wp-content\/uploads\/2024\/05\/2560px-Alicorp.svg_-1536x438.png 1536w, https:\/\/induhyd.com\/wp-content\/uploads\/2024\/05\/2560px-Alicorp.svg_.png 1600w\" sizes=\"(max-width: 1024px) 100vw, 1024px\" title=\"Inicio\">\t\t\t\t\t\t\t\t\t\t\t\t\t\t\t<\/div>\n\t\t\t\t<\/div>\n\t\t\t\t<div class=\"elementor-element elementor-element-e84378d elementor-widget elementor-widget-image\" data-id=\"e84378d\" data-element_type=\"widget\" data-e-type=\"widget\" data-widget_type=\"image.default\">\n\t\t\t\t<div class=\"elementor-widget-container\">\n\t\t\t\t\t\t\t\t\t\t\t\t\t\t\t<img loading=\"lazy\" decoding=\"async\" width=\"800\" height=\"161\" src=\"https:\/\/induhyd.com\/wp-content\/uploads\/2024\/03\/Logo_actual_de_Petroperu.png\" class=\"attachment-large size-large wp-image-25735\" alt=\"Logo Actual De Petroperu\" srcset=\"https:\/\/induhyd.com\/wp-content\/uploads\/2024\/03\/Logo_actual_de_Petroperu.png 800w, https:\/\/induhyd.com\/wp-content\/uploads\/2024\/03\/Logo_actual_de_Petroperu-600x121.png 600w, https:\/\/induhyd.com\/wp-content\/uploads\/2024\/03\/Logo_actual_de_Petroperu-300x60.png 300w, https:\/\/induhyd.com\/wp-content\/uploads\/2024\/03\/Logo_actual_de_Petroperu-768x155.png 768w\" sizes=\"(max-width: 800px) 100vw, 800px\" title=\"Inicio\">\t\t\t\t\t\t\t\t\t\t\t\t\t\t\t<\/div>\n\t\t\t\t<\/div>\n\t\t\t\t<\/div>\n\t\t\t\t\t<\/div>\n\t\t\t\t<\/div>\n\t\t\t\t<\/div>\n\t\t","protected":false},"excerpt":{"rendered":"<p>Fabricaci\u00f3n de sellos hidr\u00e1ulicos\u200b Creative Technical Solutions Of Excellent Quality Nuestras categor\u00edas Unimax offers a wide range of products to meet different demands from customers\u200b SEALING SOLUTIONS Lorem fistrum por la gloria de mi madre esse jarl aliqua llevame al sircoo. PRODUCTOS SEALING SOLUTIONS Lorem fistrum por la gloria de mi madre esse jarl aliqua [&hellip;]<\/p>\n","protected":false},"author":1,"featured_media":0,"parent":0,"menu_order":1,"comment_status":"closed","ping_status":"closed","template":"","meta":{"_uag_custom_page_level_css":"","site-sidebar-layout":"no-sidebar","site-content-layout":"page-builder","ast-site-content-layout":"full-width-container","site-content-style":"unboxed","site-sidebar-style":"unboxed","ast-global-header-display":"","ast-banner-title-visibility":"","ast-main-header-display":"","ast-hfb-above-header-display":"","ast-hfb-below-header-display":"","ast-hfb-mobile-header-display":"","site-post-title":"disabled","ast-breadcrumbs-content":"disabled","ast-featured-img":"disabled","footer-sml-layout":"","theme-transparent-header-meta":"enabled","adv-header-id-meta":"","stick-header-meta":"","header-above-stick-meta":"","header-main-stick-meta":"","header-below-stick-meta":"","astra-migrate-meta-layouts":"set","ast-page-background-enabled":"default","ast-page-background-meta":{"desktop":{"background-color":"var(--ast-global-color-4)","background-image":"","background-repeat":"repeat","background-position":"center center","background-size":"auto","background-attachment":"scroll","background-type":"","background-media":"","overlay-type":"","overlay-color":"","overlay-gradient":""},"tablet":{"background-color":"","background-image":"","background-repeat":"repeat","background-position":"center center","background-size":"auto","background-attachment":"scroll","background-type":"","background-media":"","overlay-type":"","overlay-color":"","overlay-gradient":""},"mobile":{"background-color":"","background-image":"","background-repeat":"repeat","background-position":"center center","background-size":"auto","background-attachment":"scroll","background-type":"","background-media":"","overlay-type":"","overlay-color":"","overlay-gradient":""}},"ast-content-background-meta":{"desktop":{"background-color":"var(--ast-global-color-5)","background-image":"","background-repeat":"repeat","background-position":"center center","background-size":"auto","background-attachment":"scroll","background-type":"","background-media":"","overlay-type":"","overlay-color":"","overlay-gradient":""},"tablet":{"background-color":"var(--ast-global-color-5)","background-image":"","background-repeat":"repeat","background-position":"center center","background-size":"auto","background-attachment":"scroll","background-type":"","background-media":"","overlay-type":"","overlay-color":"","overlay-gradient":""},"mobile":{"background-color":"var(--ast-global-color-5)","background-image":"","background-repeat":"repeat","background-position":"center center","background-size":"auto","background-attachment":"scroll","background-type":"","background-media":"","overlay-type":"","overlay-color":"","overlay-gradient":""}},"footnotes":""},"class_list":["post-1113","page","type-page","status-publish","hentry"],"_hostinger_reach_plugin_has_subscription_block":false,"_hostinger_reach_plugin_is_elementor":false,"uagb_featured_image_src":{"full":false,"thumbnail":false,"medium":false,"medium_large":false,"large":false,"1536x1536":false,"2048x2048":false,"woocommerce_thumbnail":false,"woocommerce_single":false,"woocommerce_gallery_thumbnail":false},"uagb_author_info":{"display_name":"danilo.uc","author_link":"https:\/\/induhyd.com\/?author=1"},"uagb_comment_info":0,"uagb_excerpt":"Fabricaci\u00f3n de sellos hidr\u00e1ulicos\u200b Creative Technical Solutions Of Excellent Quality Nuestras categor\u00edas Unimax offers a wide range of products to meet different demands from customers\u200b SEALING SOLUTIONS Lorem fistrum por la gloria de mi madre esse jarl aliqua llevame al sircoo. PRODUCTOS SEALING SOLUTIONS Lorem fistrum por la gloria de mi madre esse jarl aliqua&hellip;","_links":{"self":[{"href":"https:\/\/induhyd.com\/index.php?rest_route=\/wp\/v2\/pages\/1113","targetHints":{"allow":["GET"]}}],"collection":[{"href":"https:\/\/induhyd.com\/index.php?rest_route=\/wp\/v2\/pages"}],"about":[{"href":"https:\/\/induhyd.com\/index.php?rest_route=\/wp\/v2\/types\/page"}],"author":[{"embeddable":true,"href":"https:\/\/induhyd.com\/index.php?rest_route=\/wp\/v2\/users\/1"}],"replies":[{"embeddable":true,"href":"https:\/\/induhyd.com\/index.php?rest_route=%2Fwp%2Fv2%2Fcomments&post=1113"}],"version-history":[{"count":19,"href":"https:\/\/induhyd.com\/index.php?rest_route=\/wp\/v2\/pages\/1113\/revisions"}],"predecessor-version":[{"id":26672,"href":"https:\/\/induhyd.com\/index.php?rest_route=\/wp\/v2\/pages\/1113\/revisions\/26672"}],"wp:attachment":[{"href":"https:\/\/induhyd.com\/index.php?rest_route=%2Fwp%2Fv2%2Fmedia&parent=1113"}],"curies":[{"name":"wp","href":"https:\/\/api.w.org\/{rel}","templated":true}]}}